{"id":1128,"date":"2018-03-13T20:18:39","date_gmt":"2018-03-13T17:18:39","guid":{"rendered":"https:\/\/sadee.com.tr\/hakkinda\/"},"modified":"2022-11-30T11:25:35","modified_gmt":"2022-11-30T08:25:35","slug":"hakkinda","status":"publish","type":"page","link":"https:\/\/sadee.com.tr\/tr\/hakkinda\/","title":{"rendered":"Hakk\u0131nda"},"content":{"rendered":"<p>[et_pb_section fb_built=&#8221;1&#8243; _builder_version=&#8221;4.4.4&#8243; background_enable_image=&#8221;off&#8221; width=&#8221;100%&#8221; custom_margin=&#8221;||||false|false&#8221; custom_padding=&#8221;0px||0px||false|false&#8221; locked=&#8221;off&#8221;][et_pb_row column_structure=&#8221;1_2,1_2&#8243; use_custom_gutter=&#8221;on&#8221; gutter_width=&#8221;1&#8243; make_equal=&#8221;on&#8221; _builder_version=&#8221;4.4.4&#8243; background_enable_image=&#8221;off&#8221; width=&#8221;100%&#8221; max_width=&#8221;2560px&#8221; custom_margin=&#8221;|0px|||false|false&#8221; custom_padding=&#8221;0px||0px||false|false&#8221; hover_enabled=&#8221;0&#8243;][et_pb_column type=&#8221;1_2&#8243; _builder_version=&#8221;4.4.4&#8243; background_image=&#8221;https:\/\/sadee.com.tr\/wp-content\/uploads\/2018\/01\/sevda-saf.jpg&#8221;][\/et_pb_column][et_pb_column type=&#8221;1_2&#8243; _builder_version=&#8221;4.4.4&#8243; background_color=&#8221;#ffffff&#8221; custom_padding=&#8221;100px|100px|100px|100px|false|false&#8221; custom_padding_last_edited=&#8221;on|phone&#8221; hover_enabled=&#8221;0&#8243; custom_padding_phone=&#8221;50px|50px|50px|50px|false|false&#8221;][et_pb_text _builder_version=&#8221;4.4.4&#8243; background_size=&#8221;initial&#8221; background_position=&#8221;top_left&#8221; background_repeat=&#8221;repeat&#8221;]<\/p>\n<h2>Sevda SAF<\/h2>\n<p>\u0130stanbul Teknik \u00dcniversitesinde Mimarl\u0131k e\u011fitimi alan Sevda SAF, mesleki yakla\u015f\u0131m\u0131n\u0131 Uzakdo\u011fu basta olmak \u00fczere kadim bilgilerle ve \u00f6zellikle holistik felsefe ile derinle\u015ftirdi. Do\u011fa ve i\u00e7inde bar\u0131nd\u0131rd\u0131\u011f\u0131 sonsuz olas\u0131l\u0131klardaki tasar\u0131m b\u00fct\u00fcnl\u00fc\u011f\u00fc onun ilham kayna\u011f\u0131 oldu. Farkl\u0131 co\u011frafyalarda hem mesleki yetkinliklerini geli\u015ftiren deneyimler edindi hem de farkl\u0131 felsefi ak\u0131mlar\u0131n e\u011fitimlerine kat\u0131larak hayata bak\u0131\u015f\u0327 a\u00e7\u0131s\u0131n\u0131 derinle\u015ftirdi.<\/p>\n<p>Mesle\u011fini icra ederken felsefesi \u201cDo\u011fa, sonsuzdur ve ona bakan herkese farkl\u0131 \u015feyler sunar. Ahengi ve olumlu enerjisi hayat\u0131 \u015fekillendirir. Do\u011fan\u0131n enerjisini, ya\u015fam\u0131n i\u00e7indeki sadelikle ve sanatla birle\u015ftirmek b\u00fcy\u00fck ba\u015far\u0131d\u0131r\u201d olmu\u015ftur. Daha sonra devam etti\u011fi Istituto Di Marangoni Milan\/Fashion Image Styling e\u011fitimi markas\u0131 SADEE\u2019nin \u0327olu\u015fumu i\u00e7in onu cesaretlendirdi ve y\u0131llar i\u00e7inde elde etti\u011fi birikimi Sadee ile hayata gec\u0327irdi.<\/p>\n<p>Sadee farkl\u0131 \u00fcr\u00fcn gruplar\u0131n\u0131n yan\u0131 s\u0131ra, ki\u015fiye \u00f6zel obje, aksesuar, \u00f6zel tasar\u0131m ve dekorasyon projeleri ile de hizmet veren, sadeli\u011fe yorum katan ve stilin, hayata yans\u0131d\u0131\u011f\u0131 bir markad\u0131r.<\/p>\n<p>Sevda Saf, do\u011fay\u0131 hayat\u0131n \u00f6z\u00fc olarak tan\u0131ml\u0131yor ve sonsuz, s\u0131n\u0131rs\u0131z do\u011fa kavram\u0131 i\u00e7inde herkesin farkl\u0131 \u015feyleri g\u00f6rd\u00fc\u011f\u00fc ve hissetti\u011fi bilinciyle foto\u011fraflad\u0131\u011f\u0131 do\u011fay\u0131 objelerle, aksesuarlarla simgele\u015ftirerek hayata sokmay\u0131 ama\u00e7l\u0131yor. Tasar\u0131m\u0131 holistik felsefenin etkisiyle yorumlayan Saf, sadeli\u011fi objektifindeki karelere, do\u011fan\u0131n ihti\u015fam\u0131n\u0131 ise objelere ve aksesuarlara yans\u0131t\u0131yor. Do\u011fadan uzakla\u015fan insan\u0131n hep yar\u0131m hissetti\u011fi \u00e7a\u011f\u0131m\u0131zda b\u00fct\u00fcnl\u00fc\u011f\u00fcn ve tekli\u011fin do\u011fadan hat\u0131rlanmas\u0131 gereklili\u011fini vurgulayan sanat\u00e7\u0131, foto\u011fraf sanat\u0131 ile tasar\u0131m\u0131 do\u011fan\u0131n g\u00f6lgesinde ele al\u0131yor. \u00c7ekti\u011fi foto\u011fraflar\u0131 \u00f6zel tekniklerle mekanlara entegre etmek, objektifin arkas\u0131nda g\u00f6rd\u00fcklerini yorumlamak en b\u00fcy\u00fck tutkusu.[\/et_pb_text][\/et_pb_column][\/et_pb_row][\/et_pb_section][et_pb_section fb_built=&#8221;1&#8243; _builder_version=&#8221;4.4.4&#8243; background_color=&#8221;#f7f7f7&#8243; background_enable_image=&#8221;off&#8221; width=&#8221;100%&#8221; custom_margin=&#8221;||||false|false&#8221; custom_padding=&#8221;||||false|false&#8221; locked=&#8221;off&#8221;][et_pb_row make_equal=&#8221;on&#8221; _builder_version=&#8221;4.4.4&#8243; background_enable_image=&#8221;off&#8221; width=&#8221;60%&#8221; module_alignment=&#8221;center&#8221; custom_padding=&#8221;||||false|false&#8221;][et_pb_column type=&#8221;4_4&#8243; _builder_version=&#8221;4.4.4&#8243; background_enable_image=&#8221;off&#8221; hover_enabled=&#8221;0&#8243;][et_pb_text _builder_version=&#8221;4.4.4&#8243;]<\/p>\n<h2>SADEE Manifesto<\/h2>\n<p>Sadee; yal\u0131nl\u0131k, ahenk ve harmoniden ald\u0131\u011f\u0131 ilham\u0131 yorumlayarak sunan bir ya\u015fam markas\u0131d\u0131r. Sanat, tasar\u0131m ve holistik yani b\u00fct\u00fcnc\u00fcl yakla\u015f\u0131m, Sadee stilinin yans\u0131mas\u0131d\u0131r.<\/p>\n<p>Sadee, sadeli\u011fin kendi i\u00e7inde \u2018tam\u2019\u0131, (b\u00fct\u00fcn\u00fc) yani uyumu ifade etti\u011fi anlam\u0131 benimser. Renkler ve do\u011fan\u0131n hayat\u0131m\u0131za katt\u0131\u011f\u0131 t\u00fcm de\u011ferleri, duygular\u0131 kendi stiline yans\u0131t\u0131r.<\/p>\n<p>T\u00fcm kadim bilgiler, insanl\u0131\u011f\u0131n taml\u0131\u011f\u0131n\u0131 do\u011fa ile betimler. Do\u011fa; renk ve farkl\u0131 formlar\u0131yla kendi i\u00e7inde b\u00fct\u00fcnl\u00fc\u011f\u00fc, tekli\u011fi, e\u015fsizli\u011fi ve hayat\u0131n d\u00f6ng\u00fcs\u00fcn\u00fc her an bize hat\u0131rlat\u0131r. \u0130nsan huzuru ve dinginli\u011fi kendi \u00f6z\u00fcnde bulur ve -do\u011fa gibi- \u00f6z\u00fcnden uzakla\u015fmad\u0131\u011f\u0131 s\u00fcrece tamd\u0131r.<\/p>\n<p>Sadee, bir stildir. Foto\u011fraf objektifinden, hayat\u0131n i\u00e7ine yans\u0131yan, \u2018b\u00fct\u00fcn\u2019\u00fc\u0308 hat\u0131rlatan ve do\u011fadan, renklerden ilham alan tasar\u0131mlar\u0131 sizlere sunar.<\/p>\n<h2>SADEE De\u011fer \u00d6nergesi<\/h2>\n<ul>\n<li>Do\u011fan\u0131n ve ya\u015fam\u0131n i\u00e7indeki desenlerle, insanlar\u0131n do\u011fayla i\u00e7\u0327 i\u00e7e olmalar\u0131n\u0131 sa\u011flamak<\/li>\n<li>Do\u011fan\u0131n e\u015fsiz ve anlardan olu\u015ftu\u011funa dair bir fark\u0131ndal\u0131k yaratmak<\/li>\n<li>Tasar\u0131m\u0131n her elementinin do\u011fayla bir b\u00fct\u00fcn oldu\u011funu vurgulamak<\/li>\n<li>Do\u011fayla ilgilenen ve do\u011fay\u0131 i\u00e7inde bar\u0131nd\u0131ran, koruyan faaliyet alanlar\u0131nda aktif olarak yer almak<\/li>\n<\/ul>\n<h2>SADEE Tasar\u0131m Ofisi<\/h2>\n<p>Ki\u015fiye \u00f6zel, mek\u00e2na ve projeye \u00f6zel \u00e7\u00f6z\u00fcmler;<br \/>\nRenkler ve dokunu\u015flar sade ama \u0131\u015f\u0131lt\u0131l\u0131, ihti\u015faml\u0131 ve \u00f6zg\u00fcn bir se\u00e7ki ile mek\u00e2nlara ta\u015f\u0131n\u0131yor. Sadee stilini ki\u015fiye \u00f6zel yorumlayarak mek\u00e2nlara, projelere sunuyoruz.<\/p>\n<p>Aksesuar, obje ve detaylar;<br \/>\nDo\u011fay\u0131 tasar\u0131mla ve sanatla yorumlayan, holistik yani b\u00fct\u00fcnc\u00fcl felsefenin yans\u0131malar\u0131 aksesuarlarda, dekorasyonda hayata sunuluyor ve sat\u0131\u015f\u0327 noktalar\u0131m\u0131zda sizleri bekliyor.<br \/>\nSadee, bir yorumdur: Do\u011fadan ilham alan ama felsefi boyutta stilinizi destekleyen bir yorum.<\/p>\n<p>Sadee dijital platformlarda, sergi, kitap (tablebook) ve farkl\u0131 ileti\u015fim kaynaklar\u0131yla bu stili ve d\u00fcnyadaki geli\u015fmeleri sizlerle bulu\u015fturur.<\/p>\n<h2>SADEE Slogan: Find you in nature\u2026<\/h2>\n<p>Do\u011fa, insan\u0131n \u00f6z\u00fcyle bulu\u015ftu\u011fu, kendiyle bar\u0131\u015ft\u0131\u011f\u0131 ve holistik felsefeye g\u00f6re tam oldu\u011fu aland\u0131r. Do\u011fa, felsefi olarak insan\u0131n d\u0131\u015fa kapand\u0131\u011f\u0131 ve i\u00e7ine a\u00e7\u0131ld\u0131\u011f\u0131 zamanlarda zenginli\u011fi, harmoniyi, renkleri k\u0131sacas\u0131 hayat\u0131 var eden t\u00fcm de\u011ferleri bir arada hissetti\u011fi aland\u0131r.<\/p>\n<p>\u201cDo\u011fas\u0131 gere\u011fi\u2026\u201d ifadesi insan\u0131n insan olmakla ilgili t\u00fcm de\u011ferlerini, safl\u0131\u011f\u0131n\u0131 tan\u0131mlar.[\/et_pb_text][\/et_pb_column][\/et_pb_row][\/et_pb_section]<\/p>\n","protected":false},"excerpt":{"rendered":"<p>[et_pb_section fb_built=&#8221;1&#8243; _builder_version=&#8221;4.4.4&#8243; background_enable_image=&#8221;off&#8221; width=&#8221;100%&#8221; custom_margin=&#8221;||||false|false&#8221; custom_padding=&#8221;0px||0px||false|false&#8221; locked=&#8221;off&#8221;][et_pb_row column_structure=&#8221;1_2,1_2&#8243; use_custom_gutter=&#8221;on&#8221; gutter_width=&#8221;1&#8243; make_equal=&#8221;on&#8221; _builder_version=&#8221;4.4.4&#8243; background_enable_image=&#8221;off&#8221; width=&#8221;100%&#8221; max_width=&#8221;2560px&#8221; custom_margin=&#8221;|0px|||false|false&#8221; custom_padding=&#8221;0px||0px||false|false&#8221; hover_enabled=&#8221;0&#8243;][et_pb_column type=&#8221;1_2&#8243; _builder_version=&#8221;4.4.4&#8243; background_image=&#8221;https:\/\/sadee.com.tr\/wp-content\/uploads\/2018\/01\/sevda-saf.jpg&#8221;][\/et_pb_column][et_pb_column type=&#8221;1_2&#8243; _builder_version=&#8221;4.4.4&#8243; background_color=&#8221;#ffffff&#8221; custom_padding=&#8221;100px|100px|100px|100px|false|false&#8221; custom_padding_last_edited=&#8221;on|phone&#8221; hover_enabled=&#8221;0&#8243; custom_padding_phone=&#8221;50px|50px|50px|50px|false|false&#8221;][et_pb_text _builder_version=&#8221;4.4.4&#8243; background_size=&#8221;initial&#8221; background_position=&#8221;top_left&#8221; background_repeat=&#8221;repeat&#8221;] Sevda SAF \u0130stanbul Teknik \u00dcniversitesinde Mimarl\u0131k e\u011fitimi alan Sevda SAF, mesleki yakla\u015f\u0131m\u0131n\u0131 Uzakdo\u011fu basta olmak \u00fczere kadim bilgilerle ve \u00f6zellikle holistik felsefe [&hellip;]<\/p>\n","protected":false},"author":1,"featured_media":0,"parent":0,"menu_order":0,"comment_status":"closed","ping_status":"closed","template":"","meta":{"_et_pb_use_builder":"on","_et_pb_old_content":"","_et_gb_content_width":"","footnotes":""},"class_list":["post-1128","page","type-page","status-publish","hentry"],"_links":{"self":[{"href":"https:\/\/sadee.com.tr\/tr\/wp-json\/wp\/v2\/pages\/1128","targetHints":{"allow":["GET"]}}],"collection":[{"href":"https:\/\/sadee.com.tr\/tr\/wp-json\/wp\/v2\/pages"}],"about":[{"href":"https:\/\/sadee.com.tr\/tr\/wp-json\/wp\/v2\/types\/page"}],"author":[{"embeddable":true,"href":"https:\/\/sadee.com.tr\/tr\/wp-json\/wp\/v2\/users\/1"}],"replies":[{"embeddable":true,"href":"https:\/\/sadee.com.tr\/tr\/wp-json\/wp\/v2\/comments?post=1128"}],"version-history":[{"count":32,"href":"https:\/\/sadee.com.tr\/tr\/wp-json\/wp\/v2\/pages\/1128\/revisions"}],"predecessor-version":[{"id":2342,"href":"https:\/\/sadee.com.tr\/tr\/wp-json\/wp\/v2\/pages\/1128\/revisions\/2342"}],"wp:attachment":[{"href":"https:\/\/sadee.com.tr\/tr\/wp-json\/wp\/v2\/media?parent=1128"}],"curies":[{"name":"wp","href":"https:\/\/api.w.org\/{rel}","templated":true}]}}