{"id":1246,"date":"2018-04-06T20:41:50","date_gmt":"2018-04-06T17:41:50","guid":{"rendered":"https:\/\/sadee.com.tr\/sartlar-kosullar-ve-gizlilik\/"},"modified":"2018-04-06T20:41:54","modified_gmt":"2018-04-06T17:41:54","slug":"sartlar-kosullar-ve-gizlilik","status":"publish","type":"page","link":"https:\/\/sadee.com.tr\/tr\/sartlar-kosullar-ve-gizlilik\/","title":{"rendered":"\u015eartlar, Ko\u015fullar ve Gizlilik"},"content":{"rendered":"<p>[et_pb_section bb_built=&#8221;1&#8243; _builder_version=&#8221;3.0.89&#8243; module_id=&#8221;privacy&#8221;][et_pb_row][et_pb_column type=&#8221;4_4&#8243;][et_pb_text _builder_version=&#8221;3.0.89&#8243; background_layout=&#8221;light&#8221;]<\/p>\n<h2>Gizlilik Politikas\u0131<\/h2>\n<p>SADEE TASARIM(Sevda Saf)\u00a0 e-b\u00fcltene \u00fcyelik i\u00e7in, bizimle payla\u015faca\u011f\u0131n\u0131z bu bilgiler, ba\u015fka hi\u00e7bir ki\u015fi ya da \u015firketle payla\u015f\u0131lmayacakt\u0131r.<\/p>\n<p>\u00dcye olurken edinmek istedi\u011fimiz bu bilgiler, haber ve etkinlikleri sizlere duyurmak, sitemizdeki yeniliklerden ve etkinliklerden sizleri haberdar etmek, siteyi tercihleriniz do\u011frultusunda geli\u015ftirmek amac\u0131yla kullan\u0131labilir. Bu bilgileri bizimle payla\u015fmak ve e-b\u00fcltene abone olmak, sizin istek ve onay\u0131n\u0131zla ger\u00e7ekle\u015fecektir.<br \/>\n\u200b<br \/>\n\u0130stedi\u011finiz takdirde b\u00fclten onay\u0131n\u0131z\u0131 iptal edebilirsiniz. Sizden bilgi talep etti\u011fimiz her durumda, zorunlu olarak vermenizi istedi\u011fimiz bilgileri a\u00e7\u0131k bir \u015fekilde tan\u0131mlayacak, bu bilgileri de\u011fi\u015ftirme ve iptal etme hakk\u0131n\u0131 size tan\u0131yacak ve ne \u015fekilde kullan\u0131laca\u011f\u0131 hakk\u0131nda bilgi verece\u011fiz.<\/p>\n<p>\u00d6deme sayfas\u0131nda istenen kredi kart\u0131 bilgileriniz, siteden al\u0131\u015fveri\u015f yapan siz de\u011ferli m\u00fc\u015fterilerimizin g\u00fcvenli\u011fini en \u00fcst seviyede tutmak amac\u0131yla hi\u00e7bir \u015fekilde www.sadee.com.tr veya ona hizmet veren \u015firketlerin sunucular\u0131nda tutulmamaktad\u0131r. Bu \u015fekilde \u00f6demeye y\u00f6nelik t\u00fcm i\u015flemlerin www.sadee.com.tr ara y\u00fcz\u00fc \u00fczerinden banka ve bilgisayar\u0131n\u0131z ya da telefonunuz aras\u0131nda ger\u00e7ekle\u015fmesi sa\u011flanmaktad\u0131r.<\/p>\n<p>Uluslararas\u0131 internet yasalar\u0131, internet sitelerinde 13 ya\u015f\u0131n alt\u0131ndaki gen\u00e7lerin ki\u015fisel bilgilerinin toplanmas\u0131na s\u0131n\u0131rlar getirmektedir. Bu nedenle ya\u015f\u0131n\u0131z 13&#8243;\u00fcn alt\u0131nda ise, \u00fcye olurken verece\u011finiz ki\u015fisel bilgiler i\u00e7in velinizin onay\u0131n\u0131 alman\u0131z\u0131 \u00f6neririz..<br \/>\n[\/et_pb_text][\/et_pb_column][\/et_pb_row][\/et_pb_section][et_pb_section bb_built=&#8221;1&#8243; _builder_version=&#8221;3.0.89&#8243; background_color=&#8221;#f8f8f8&#8243; module_id=&#8221;returns&#8221;][et_pb_row][et_pb_column type=&#8221;4_4&#8243;][et_pb_text _builder_version=&#8221;3.0.89&#8243; background_layout=&#8221;light&#8221;]<\/p>\n<h2>De\u011fi\u015fim &amp; \u0130ade<\/h2>\n<p>\u00dcr\u00fcn de\u011fi\u015fimi, sat\u0131n al\u0131nan \u00fcr\u00fcn kullan\u0131lmam\u0131\u015f olarak Sadee Tasar\u0131m faturas\u0131 ile, teslimat tarihinden en ge\u00e7 15 g\u00fcn i\u00e7erisinde yap\u0131labilir bizimle ileti\u015fime ge\u00e7erek.<\/p>\n<p>An\u0131nda yap\u0131lamayan de\u011fi\u015fiklikler s\u00f6z konusu oldu\u011fu takdirde Sadee Tasar\u0131m taraf\u0131ndan verilecek olan hediye kart\u0131 ile 1 (bir) ay i\u00e7erisinde farkl\u0131 bir \u00fcr\u00fcn al\u0131m\u0131 yap\u0131labilir.<br \/>\n\u0130ade edece\u011finiz \u00fcr\u00fcn\u00fcn pakedi hasar g\u00f6rmemi\u015f, \u00fcr\u00fcn kullan\u0131lmam\u0131\u015f, tekrar sat\u0131labilir ve kullan\u0131c\u0131 hatas\u0131 sonucu zarar g\u00f6rmemi\u015f olmas\u0131 gerekmektedir.<br \/>\n\u00dcretimden kaynaklanan hatalar\u0131n d\u0131\u015f\u0131nda kalan durumlarda sat\u0131n al\u0131nan \u00fcr\u00fcnlerin iadesi yap\u0131lamaz.<br \/>\n[\/et_pb_text][\/et_pb_column][\/et_pb_row][\/et_pb_section][et_pb_section bb_built=&#8221;1&#8243; _builder_version=&#8221;3.0.89&#8243; module_id=&#8221;contract&#8221;][et_pb_row][et_pb_column type=&#8221;4_4&#8243;][et_pb_text _builder_version=&#8221;3.0.89&#8243; background_layout=&#8221;light&#8221;]<\/p>\n<h3>Sat\u0131\u015f S\u00f6zle\u015fmesi<\/h3>\n<p><strong>MADDE \u00a0&#8211; 1 KONU<\/strong><\/p>\n<p>\u0130\u015fbu Mesafeli Sat\u0131\u015f S\u00f6zle\u015fmesi\u2019nin (\u201cS\u00f6zle\u015fme\u201d) konusu, Sat\u0131c\u0131\u2019n\u0131n, Al\u0131c\u0131\u2019ya (T\u00fcketici\u2019ye) sat\u0131\u015f\u0131n\u0131 yapt\u0131\u011f\u0131, a\u015fa\u011f\u0131da nitelikleri ve sat\u0131\u015f fiyat\u0131 belirtilen \u00fcr\u00fcn\u00fcn sat\u0131\u015f\u0131 ve teslimi ile ilgili olarak 6502 say\u0131l\u0131 T\u00fcketicinin Korunmas\u0131 Hakk\u0131nda Kanun, Mesafeli S\u00f6zle\u015fmeler Y\u00f6netmeli\u011fi ve ilgili di\u011fer yasal h\u00fck\u00fcmler uyar\u0131nca taraflar\u0131n hak ve y\u00fck\u00fcml\u00fcl\u00fcklerinin belirlenmesidir.<\/p>\n<p><strong>MADDE \u00a0&#8211; 2 S\u00d6ZLE\u015eME\u2019N\u0130N KURULMASI<\/strong><\/p>\n<p>2.1\u00a0\u00a0 \u00a0ALICI s\u00f6zle\u015fmeyi okudu\u011funu, anlad\u0131\u011f\u0131n\u0131, haklar\u0131n\u0131n ve y\u00fck\u00fcml\u00fcl\u00fcklerinin bilincinde oldu\u011funu kabul eder.<\/p>\n<p>2.2\u00a0\u00a0 \u00a0SATICI ve ALICI, s\u00f6zle\u015fme ile kararla\u015ft\u0131r\u0131lan edimler aras\u0131nda hi\u00e7bir orans\u0131zl\u0131k bulunmad\u0131\u011f\u0131n\u0131 ve kar\u015f\u0131l\u0131kl\u0131 edimlerin i\u015fin niteli\u011fine uygun oldu\u011funu, s\u00f6zle\u015fme konusuna giren i\u015flemler kapsam\u0131nda herhangi bir tecr\u00fcbesizliklerinin bulunmad\u0131\u011f\u0131n\u0131 kabul ederler.<\/p>\n<p>2.3\u00a0\u00a0 \u00a0ALICI, s\u00f6zle\u015fme kapsam\u0131nda yer alan i\u015flemlerin kendi menfaatine uygun oldu\u011fu konusunda tam bir kanaate vard\u0131\u011f\u0131n\u0131 ve t\u00fcm \u015fartlara kendi \u00f6zg\u00fcr iradesi ile hi\u00e7bir g\u00fc\u00e7l\u00fck veya s\u0131k\u0131nt\u0131 i\u00e7inde olmadan, d\u00fc\u015f\u00fcnerek, isteyerek ve bilerek uyaca\u011f\u0131n\u0131 kabul eder.<\/p>\n<p>2.4\u00a0\u00a0 \u00a0SATICI ve ALICI, s\u00f6zle\u015fmenin h\u00fck\u00fcmlerinin haks\u0131z \u015fart say\u0131labilecek bir \u00f6zellik ta\u015f\u0131mad\u0131\u011f\u0131n\u0131, menfaatler dengesi bak\u0131m\u0131ndan bir haks\u0131zl\u0131k olmad\u0131\u011f\u0131n\u0131 kabul eder.<\/p>\n<p>2.5\u00a0\u00a0 \u00a0\u0130\u015fbu s\u00f6zle\u015fme h\u00fck\u00fcmleri t\u00fcketici s\u00f6zle\u015fmelerindeki haks\u0131z \u015fartlar hakk\u0131nda y\u00f6netmelik h\u00fck\u00fcmleri uyar\u0131nca herhangi bir haks\u0131z \u015fart i\u00e7ermemektedir. H\u00fck\u00fcmler d\u00fcr\u00fcstl\u00fck ve iyi niyet kural\u0131na ayk\u0131r\u0131l\u0131k te\u015fkil etmemekte olup t\u00fcketicinin korunmas\u0131 mevzuat\u0131na uygun olarak haz\u0131rlanm\u0131\u015ft\u0131r.<\/p>\n<p>2.6\u00a0\u00a0 \u00a0\u0130\u015fbu s\u00f6zle\u015fme h\u00fck\u00fcmleri 6098 say\u0131l\u0131 yeni bor\u00e7lar kanunu h\u00fck\u00fcmleri de dikkate al\u0131narak haz\u0131rlanm\u0131\u015ft\u0131r. \u00a0Yeni Bor\u00e7lar Kanunu\u2019nun 21. Maddesinde \u00f6ng\u00f6r\u00fclen ba\u011flay\u0131c\u0131l\u0131k ve i\u00e7erik denetimi al\u0131c\u0131 taraf\u0131ndan yap\u0131lm\u0131\u015ft\u0131r. \u0130\u015fbu s\u00f6zle\u015fme h\u00fck\u00fcmlerinden hi\u00e7biri i\u015fbu S\u00f6zle\u015fme\u2019nin niteli\u011fine ve i\u015fin \u00f6zelli\u011fine yabanc\u0131 (\u015fa\u015f\u0131rt\u0131c\u0131 \u015fartlar) nitelik ta\u015f\u0131maz. \u00a0\u0130\u015fbu s\u00f6zle\u015fme h\u00fck\u00fcmleri a\u00e7\u0131k ve anla\u015f\u0131l\u0131r bir \u015fekilde yaz\u0131lm\u0131\u015f olup birden \u00e7ok anlam\u0131 ifade etmemektedir.<\/p>\n<p><strong>MADDE \u00a0&#8211; 3 SATICI B\u0130LG\u0130LER<\/strong><\/p>\n<p>\u00dcnvan\u0131: Sadee Tasar\u0131m<\/p>\n<p>Adresi: Yavuz Sultan Selim Mah. G\u00fcl Camii Kuyusu Sok. no:1 d:1 Fatih\/ \u0130stanbul<\/p>\n<p>E-mail: <a href=\"mailto:info@sadee.com.tr\">info@sadee.com.tr<\/a><\/p>\n<p><strong>MADDE \u00a0&#8211; 4 ALICI (T\u00dcKET\u0130C\u0130) B\u0130LG\u0130LER\u0130<\/strong><\/p>\n<p>Ad\u0131\/Soyad\u0131\/Unvan\u0131:<\/p>\n<p>Adresi:<\/p>\n<p>Telefon:<\/p>\n<p>E-mail:<\/p>\n<p><strong>MADDE \u00a0&#8211; 5 S\u00d6ZLE\u015eME KONUSU \u00dcR\u00dcN B\u0130LG\u0130LER\u0130<\/strong><\/p>\n<p>Mal\u0131n \/ \u00dcr\u00fcn\u00fcn \/ Hizmetin t\u00fcr\u00fc, miktar\u0131, marka\/modeli, rengi adedi, sat\u0131\u015f bedeli, \u00f6deme \u015fekli, sat\u0131\u015f sonras\u0131nda g\u00f6nderilecek olan e-postada belirtildi\u011fi gibidir.<\/p>\n<p><strong>MADDE \u00a0&#8211; 6 GENEL H\u00dcK\u00dcMLER<\/strong><\/p>\n<p>6.1\u00a0\u00a0 \u00a0ALICI, Madde 5&#8243;te belirtilen S\u00f6zle\u015fme konusu \u00fcr\u00fcn\u00fcn temel nitelikleri, sat\u0131\u015f fiyat\u0131 ve \u00f6deme \u015fekli ile teslimata ili\u015fkin t\u00fcm \u00f6n bilgileri okuyup bilgi sahibi oldu\u011funu ve elektronik ortamda gerekli teyidi verdi\u011fini beyan eder.<\/p>\n<p>6.2\u00a0\u00a0 \u00a0S\u00f6zle\u015fme konusu \u00fcr\u00fcn, yasal 30 (otuz) g\u00fcnl\u00fck s\u00fcreyi a\u015fmamak ko\u015fulu ile her bir \u00fcr\u00fcn i\u00e7in ALICI&#8221;n\u0131n yerle\u015fim yerinin uzakl\u0131\u011f\u0131na ba\u011fl\u0131 olarak \u00f6n bilgiler i\u00e7inde a\u00e7\u0131klanan s\u00fcre i\u00e7inde ALICI veya g\u00f6sterdi\u011fi adresteki ki\u015fi\/kurulu\u015fa teslim edilir. Bu s\u00fcre ALICI\u2019ya daha \u00f6nce bildirmek kayd\u0131yla en fazla 14 g\u00fcn daha uzat\u0131labilir.<\/p>\n<p>6.3\u00a0\u00a0 \u00a0S\u00f6zle\u015fme konusu \u00fcr\u00fcn, ALICI&#8221;dan ba\u015fka bir ki\u015fi\/kurulu\u015fa teslim edilecek ise, teslim edilecek ki\u015fi\/kurulu\u015fun teslimat\u0131 kabul etmemesinden SATICI sorumlu tutulamaz.<\/p>\n<p>6.4\u00a0\u00a0 \u00a0SATICI, S\u00f6zle\u015fme konusu \u00fcr\u00fcn\u00fcn sa\u011flam, eksiksiz, sipari\u015fte belirtilen niteliklere uygun olarak teslim edilmesinden sorumludur. Hakl\u0131 bir sebebe dayanmak \u015fart\u0131yla SATICI, S\u00f6zle\u015fme\u2019den do\u011fan ifa y\u00fck\u00fcml\u00fcl\u00fc\u011f\u00fcn\u00fcn s\u00fcresi dolmadan, ALICI\u2019ya e\u015fit kalite ve fiyatta mal veya hizmet tedarik edebilir.<\/p>\n<p>6.5\u00a0\u00a0 \u00a0S\u00f6zle\u015fme konusu \u00fcr\u00fcn\u00fcn teslimat\u0131 i\u00e7in i\u015fbu S\u00f6zle\u015fme\u2019nin elektronik ortamda teyit edilmesi ve S\u00f6zle\u015fme konusu sipari\u015fin bedelinin \u00f6denmesi \u015fartt\u0131r. Herhangi bir nedenle \u00fcr\u00fcn bedeli \u00f6denmez veya banka kay\u0131tlar\u0131nda iptal edilir ise, SATICI \u00fcr\u00fcn teslimi y\u00fck\u00fcml\u00fcl\u00fc\u011f\u00fcnden kurtulmu\u015f kabul edilir.<\/p>\n<p>6.6\u00a0\u00a0 \u00a0SATICI sipari\u015f konusu mal ya da hizmet ediminin yerine getirilmesinin imk\u00e2ns\u0131zla\u015ft\u0131\u011f\u0131 hallerde durumu \u00f6\u011frendi\u011fi tarihten itibaren \u00a03 (\u00fc\u00e7) g\u00fcn i\u00e7erisinde ALICI&#8221;ya durumu yaz\u0131l\u0131 olarak veya kal\u0131c\u0131 veri saklay\u0131c\u0131s\u0131 ile bildirmekle y\u00fck\u00fcml\u00fcd\u00fcr. Bu durumda SATICI teslimat masraflar\u0131 da d\u00e2hil olmak \u00fczere tahsil edilen t\u00fcm \u00f6demeleri bildirim tarihinden itibaren en ge\u00e7 14 (ond\u00f6rt) g\u00fcn i\u00e7erisinde ALICI\u2019ya iade eder.<\/p>\n<p>6.7\u00a0\u00a0 \u00a0SATICI, mal\u0131n ALICI ya da ALICI\u2019n\u0131n ta\u015f\u0131y\u0131c\u0131 d\u0131\u015f\u0131nda belirleyece\u011fi \u00fc\u00e7\u00fcnc\u00fc bir ki\u015fiye teslimine kadar olu\u015fan kay\u0131p ve hasarlardan sorumludur.<\/p>\n<p>6.8\u00a0\u00a0 \u00a0ALICI\u2019n\u0131n SATICI\u2019n\u0131n belirledi\u011fi ta\u015f\u0131y\u0131c\u0131 d\u0131\u015f\u0131nda ba\u015fka bir ta\u015f\u0131y\u0131c\u0131 ile mal\u0131n g\u00f6nderilmesini talep etmesi durumunda, mal\u0131n ilgili ta\u015f\u0131y\u0131c\u0131ya tesliminden itibaren olu\u015fabilecek kay\u0131p ya da hasardan SATICI sorumlu de\u011fildir.<\/p>\n<p>6.9\u00a0\u00a0 \u00a0SATICI taraf\u0131ndan sunulan hizmet perakende sat\u0131\u015f kapsam\u0131nda t\u00fcketiciye y\u00f6neliktir; SATICI, ALICI\u2019n\u0131n yeniden sat\u0131\u015f amac\u0131 bulundu\u011fundan \u015f\u00fcphe etmesi halinde i\u015fbu S\u00f6zle\u015fme kurulmu\u015f olsa dahi sipari\u015fi iptal etme ve \u00fcr\u00fcnleri teslim etmeme hakk\u0131n\u0131 \u00a0sakl\u0131 tutar.<\/p>\n<p><strong>MADDE -7 CAYMA HAKKI<\/strong><\/p>\n<p>6502 say\u0131l\u0131 T\u00fcketicinin Korunmas\u0131 Hakk\u0131nda Kanun ve Mesafeli S\u00f6zle\u015fmeler Y\u00f6netmeli\u011fi ilgili h\u00fck\u00fcmleri uyar\u0131nca;<\/p>\n<p>7.1 T\u00fcketici; \u00fcr\u00fcn sat\u0131\u015f\u0131na ili\u015fkin mesafeli s\u00f6zle\u015fmelerde, \u00fcr\u00fcn teslim ald\u0131\u011f\u0131 tarihten itibaren 1 (bir) i\u015f g\u00fcn\u00fc i\u00e7erisinde ge\u00e7erli bir gerek\u00e7e g\u00f6sterdi\u011fi takdirde cayma hakk\u0131na sahiptir. Ge\u00e7erli gerek\u00e7e durumu; Sat\u0131c\u0131 taraf\u0131ndan g\u00f6nderilen \u00fcr\u00fcn\u00fcn sipari\u015f edilen \u00fcr\u00fcn ile farkl\u0131 olmas\u0131 durumunda ve Sat\u0131c\u0131 kaynakl\u0131 olan ve 1 (bir) i\u015f g\u00fcn\u00fc i\u00e7erisinde Sat\u0131c\u0131ya bilgi verilen hatalar s\u00f6z konusu oldu\u011funda i\u015fler.<\/p>\n<p>7.2 T\u00fcketici taraf\u0131ndan kullan\u0131lm\u0131\u015f ve zarar g\u00f6rm\u00fc\u015f \u00fcr\u00fcn iade edilemez.<\/p>\n<p>7.3 T\u00fcketici cayma hakk\u0131n\u0131 kulland\u0131\u011f\u0131na ili\u015fkin bildirimi y\u00f6neltti\u011fi tarihten itibaren 3 (\u00fc\u00e7) i\u015f g\u00fcn\u00fc i\u00e7erisinde \u00fcr\u00fcn\u00fc, kargo masraflar\u0131 T\u00fcketiciye ait olacak \u015fekilde, Sat\u0131c\u0131ya geri g\u00f6ndermek zorundad\u0131r.<\/p>\n<p>7.4 \u00d6zel sipari\u015f ile \u00fcretilen veya t\u00fcketici talebi ile \u00fczerinde de\u011fi\u015fiklik yap\u0131lan \u00fcr\u00fcnlerde cayma hakk\u0131 kullan\u0131lmaz.<\/p>\n<p>7.5 T\u00fcketici, cayma hakk\u0131n\u0131 kulland\u0131\u011f\u0131 takdirde; \u00fcr\u00fcn\u00fc eksiksiz, ambalaj, sertifika, fatura asl\u0131 ve kargo teslim tutana\u011f\u0131 ile beraber eksiksiz iade etmekle y\u00fck\u00fcml\u00fcd\u00fcr. Aksi halde \u00fcr\u00fcn\u00fcn iadesi yap\u0131lmayacakt\u0131r.<\/p>\n<p><strong>\u200bMADDE \u00a0&#8211; 8 YETK\u0130L\u0130 MAHKEME<\/strong><\/p>\n<p>\u0130\u015fbu S\u00f6zle\u015fme\u2019den dolay\u0131 her t\u00fcrl\u00fc \u015fik\u00e2yet ve itirazlar, G\u00fcmr\u00fck ve Ticaret Bakanl\u0131\u011f\u0131\u2019nca her y\u0131l Aral\u0131k ay\u0131nda belirlenen parasal s\u0131n\u0131rlara g\u00f6re ALICI\u2019n\u0131n veya SATICI\u2019n\u0131n ikametg\u00e2h\u0131n\u0131n bulundu\u011fu yerdeki T\u00fcketici Sorunlar\u0131 Hakem Heyeti\u2019ne veya T\u00fcketici Mahkemesi\u2019ne yap\u0131labilecektir.<br \/>\n[\/et_pb_text][\/et_pb_column][\/et_pb_row][\/et_pb_section]<\/p>\n","protected":false},"excerpt":{"rendered":"<p>[et_pb_section bb_built=&#8221;1&#8243; _builder_version=&#8221;3.0.89&#8243; module_id=&#8221;privacy&#8221;][et_pb_row][et_pb_column type=&#8221;4_4&#8243;][et_pb_text _builder_version=&#8221;3.0.89&#8243; background_layout=&#8221;light&#8221;] Gizlilik Politikas\u0131 SADEE TASARIM(Sevda Saf)\u00a0 e-b\u00fcltene \u00fcyelik i\u00e7in, bizimle payla\u015faca\u011f\u0131n\u0131z bu bilgiler, ba\u015fka hi\u00e7bir ki\u015fi ya da \u015firketle payla\u015f\u0131lmayacakt\u0131r. \u00dcye olurken edinmek istedi\u011fimiz bu bilgiler, haber ve etkinlikleri sizlere duyurmak, sitemizdeki yeniliklerden ve etkinliklerden sizleri haberdar etmek, siteyi tercihleriniz do\u011frultusunda geli\u015ftirmek amac\u0131yla kullan\u0131labilir. Bu bilgileri bizimle payla\u015fmak ve [&hellip;]<\/p>\n","protected":false},"author":1,"featured_media":0,"parent":0,"menu_order":0,"comment_status":"closed","ping_status":"closed","template":"","meta":{"_et_pb_use_builder":"on","_et_pb_old_content":"","_et_gb_content_width":"","footnotes":""},"class_list":["post-1246","page","type-page","status-publish","hentry"],"_links":{"self":[{"href":"https:\/\/sadee.com.tr\/tr\/wp-json\/wp\/v2\/pages\/1246","targetHints":{"allow":["GET"]}}],"collection":[{"href":"https:\/\/sadee.com.tr\/tr\/wp-json\/wp\/v2\/pages"}],"about":[{"href":"https:\/\/sadee.com.tr\/tr\/wp-json\/wp\/v2\/types\/page"}],"author":[{"embeddable":true,"href":"https:\/\/sadee.com.tr\/tr\/wp-json\/wp\/v2\/users\/1"}],"replies":[{"embeddable":true,"href":"https:\/\/sadee.com.tr\/tr\/wp-json\/wp\/v2\/comments?post=1246"}],"version-history":[{"count":0,"href":"https:\/\/sadee.com.tr\/tr\/wp-json\/wp\/v2\/pages\/1246\/revisions"}],"wp:attachment":[{"href":"https:\/\/sadee.com.tr\/tr\/wp-json\/wp\/v2\/media?parent=1246"}],"curies":[{"name":"wp","href":"https:\/\/api.w.org\/{rel}","templated":true}]}}