{"id":2810,"date":"2023-01-08T15:45:44","date_gmt":"2023-01-08T12:45:44","guid":{"rendered":"https:\/\/sadee.com.tr\/?page_id=2810"},"modified":"2023-01-27T17:57:01","modified_gmt":"2023-01-27T14:57:01","slug":"sadee-defterleri","status":"publish","type":"page","link":"https:\/\/sadee.com.tr\/tr\/sadee-defterleri\/","title":{"rendered":"Sadee Defterleri"},"content":{"rendered":"<p>[et_pb_section fb_built=&#8221;1&#8243; fullwidth=&#8221;on&#8221; _builder_version=&#8221;3.22&#8243;][et_pb_fullwidth_post_title meta=&#8221;off&#8221; featured_image=&#8221;off&#8221; _builder_version=&#8221;3.0.89&#8243;][\/et_pb_fullwidth_post_title][\/et_pb_section][et_pb_section fb_built=&#8221;1&#8243; _builder_version=&#8221;3.22&#8243; custom_margin=&#8221;|||&#8221; custom_padding=&#8221;||0px|&#8221;][et_pb_row _builder_version=&#8221;3.25&#8243; background_size=&#8221;initial&#8221; background_position=&#8221;top_left&#8221; background_repeat=&#8221;repeat&#8221;][et_pb_column type=&#8221;4_4&#8243; _builder_version=&#8221;3.25&#8243; custom_padding=&#8221;|||&#8221; custom_padding__hover=&#8221;|||&#8221;][et_pb_text _builder_version=&#8221;4.4.4&#8243;]Sadee\u2019nin siyah-beyaz be\u015f ayr\u0131 \u00f6zel kapak tasar\u0131m\u0131yla haz\u0131rlanan defterleri ile kahvenizi yudumlarken kendinize ait notlar\u0131n\u0131z\u0131 ve \u00e7izimlerinizi, i\u00e7leri s\u0131f\u0131r-at\u0131k malzemeden olan ka\u011f\u0131tlar\u0131 \u00f6zg\u00fcrce kullan\u0131p, \u00f6zg\u00fcn zarflar\u0131yla yan\u0131n\u0131zda ta\u015f\u0131yabilirsiniz\u2026<\/p>\n<p>Ya\u015fam\u0131n ve do\u011fan\u0131n i\u00e7indeki desenlerle\u2026<br \/>\n\u0130nsanlar\u0131n do\u011fayla i\u00e7 i\u00e7e olmalar\u0131\u2026<br \/>\nDo\u011fan\u0131n e\u015fsiz ve anlardan olu\u015ftu\u011funa dair bir fark\u0131ndal\u0131k&#8230; <\/p>\n<p>Sadee defterinin size, ilham\u0131n\u0131z\u0131 ya\u015fatmas\u0131 dile\u011fiyle\u2026<\/p>\n<p>Find you in nature\u2026[\/et_pb_text][\/et_pb_column][\/et_pb_row][\/et_pb_section][et_pb_section fb_built=&#8221;1&#8243; _builder_version=&#8221;3.22&#8243;][et_pb_row column_structure=&#8221;1_4,1_4,1_4,1_4&#8243; _builder_version=&#8221;3.25&#8243; background_size=&#8221;initial&#8221; background_position=&#8221;top_left&#8221; background_repeat=&#8221;repeat&#8221;][et_pb_column type=&#8221;1_4&#8243; _builder_version=&#8221;3.25&#8243; custom_padding=&#8221;|||&#8221; custom_padding__hover=&#8221;|||&#8221;][et_pb_image src=&#8221;https:\/\/sadee.com.tr\/wp-content\/uploads\/2023\/01\/sadee-notebook1-1-scaled.webp&#8221; title_text=&#8221;sadee notebook1&#8243; url=&#8221;https:\/\/sadee.com.tr\/tr\/urun-kategori\/yastiklar\/&#8221; align_tablet=&#8221;center&#8221; align_phone=&#8221;&#8221; align_last_edited=&#8221;on|desktop&#8221; admin_label=&#8221;Image&#8221; _builder_version=&#8221;4.4.4&#8243; hover_enabled=&#8221;0&#8243; always_center_on_mobile=&#8221;on&#8221;]<br \/>\n[\/et_pb_image][\/et_pb_column][et_pb_column type=&#8221;1_4&#8243; _builder_version=&#8221;3.25&#8243; custom_padding=&#8221;|||&#8221; custom_padding__hover=&#8221;|||&#8221;][et_pb_image src=&#8221;https:\/\/sadee.com.tr\/wp-content\/uploads\/2023\/01\/sadee-notebook2-1-scaled.webp&#8221; title_text=&#8221;sadee notebook2&#8243; url=&#8221;https:\/\/sadee.com.tr\/tr\/urun-kategori\/yastiklar\/&#8221; align_tablet=&#8221;center&#8221; align_phone=&#8221;&#8221; align_last_edited=&#8221;on|desktop&#8221; admin_label=&#8221;Image&#8221; _builder_version=&#8221;4.4.4&#8243; hover_enabled=&#8221;0&#8243; always_center_on_mobile=&#8221;on&#8221;]<br \/>\n[\/et_pb_image][\/et_pb_column][et_pb_column type=&#8221;1_4&#8243; _builder_version=&#8221;3.25&#8243; custom_padding=&#8221;|||&#8221; custom_padding__hover=&#8221;|||&#8221;][et_pb_image src=&#8221;https:\/\/sadee.com.tr\/wp-content\/uploads\/2023\/01\/sadee-notebook3-1-scaled.webp&#8221; title_text=&#8221;sadee notebook3&#8243; url=&#8221;https:\/\/sadee.com.tr\/tr\/urun-kategori\/yastiklar\/&#8221; align_tablet=&#8221;center&#8221; align_phone=&#8221;&#8221; align_last_edited=&#8221;on|desktop&#8221; admin_label=&#8221;Image&#8221; _builder_version=&#8221;4.4.4&#8243; hover_enabled=&#8221;0&#8243; always_center_on_mobile=&#8221;on&#8221;]<br \/>\n[\/et_pb_image][\/et_pb_column][et_pb_column type=&#8221;1_4&#8243; _builder_version=&#8221;3.25&#8243; custom_padding=&#8221;|||&#8221; custom_padding__hover=&#8221;|||&#8221;][et_pb_image src=&#8221;https:\/\/sadee.com.tr\/wp-content\/uploads\/2023\/01\/sadee-notebook4-1-scaled.webp&#8221; title_text=&#8221;sadee notebook4&#8243; url=&#8221;https:\/\/sadee.com.tr\/tr\/urun-kategori\/yastiklar\/&#8221; align_tablet=&#8221;center&#8221; align_phone=&#8221;&#8221; align_last_edited=&#8221;on|desktop&#8221; admin_label=&#8221;Image&#8221; _builder_version=&#8221;4.4.4&#8243; hover_enabled=&#8221;0&#8243; always_center_on_mobile=&#8221;on&#8221;]<br \/>\n[\/et_pb_image][\/et_pb_column][\/et_pb_row][\/et_pb_section][et_pb_section fb_built=&#8221;1&#8243; _builder_version=&#8221;3.22&#8243;][et_pb_row column_structure=&#8221;1_2,1_2&#8243; _builder_version=&#8221;4.4.4&#8243;][et_pb_column type=&#8221;1_2&#8243; _builder_version=&#8221;4.4.4&#8243;][et_pb_image src=&#8221;https:\/\/sadee.com.tr\/wp-content\/uploads\/2023\/01\/en-altta-yer-alsinufak-ufak.png&#8221; title_text=&#8221;en altta yer als\u0131n,ufak ufak&#8221; align_tablet=&#8221;center&#8221; align_phone=&#8221;&#8221; align_last_edited=&#8221;on|desktop&#8221; admin_label=&#8221;Image&#8221; _builder_version=&#8221;4.4.4&#8243; always_center_on_mobile=&#8221;on&#8221;]<br \/>\n[\/et_pb_image][\/et_pb_column][et_pb_column type=&#8221;1_2&#8243; _builder_version=&#8221;4.4.4&#8243;][\/et_pb_column][\/et_pb_row][\/et_pb_section]<\/p>\n","protected":false},"excerpt":{"rendered":"<p>[et_pb_section fb_built=&#8221;1&#8243; fullwidth=&#8221;on&#8221; _builder_version=&#8221;3.22&#8243;][et_pb_fullwidth_post_title meta=&#8221;off&#8221; featured_image=&#8221;off&#8221; _builder_version=&#8221;3.0.89&#8243;][\/et_pb_fullwidth_post_title][\/et_pb_section][et_pb_section fb_built=&#8221;1&#8243; _builder_version=&#8221;3.22&#8243; custom_margin=&#8221;|||&#8221; custom_padding=&#8221;||0px|&#8221;][et_pb_row _builder_version=&#8221;3.25&#8243; background_size=&#8221;initial&#8221; background_position=&#8221;top_left&#8221; background_repeat=&#8221;repeat&#8221;][et_pb_column type=&#8221;4_4&#8243; _builder_version=&#8221;3.25&#8243; custom_padding=&#8221;|||&#8221; custom_padding__hover=&#8221;|||&#8221;][et_pb_text _builder_version=&#8221;4.4.4&#8243;]Sadee\u2019nin siyah-beyaz be\u015f ayr\u0131 \u00f6zel kapak tasar\u0131m\u0131yla haz\u0131rlanan defterleri ile kahvenizi yudumlarken kendinize ait notlar\u0131n\u0131z\u0131 ve \u00e7izimlerinizi, i\u00e7leri s\u0131f\u0131r-at\u0131k malzemeden olan ka\u011f\u0131tlar\u0131 \u00f6zg\u00fcrce kullan\u0131p, \u00f6zg\u00fcn zarflar\u0131yla yan\u0131n\u0131zda ta\u015f\u0131yabilirsiniz\u2026 Ya\u015fam\u0131n ve do\u011fan\u0131n i\u00e7indeki desenlerle\u2026 \u0130nsanlar\u0131n do\u011fayla i\u00e7 [&hellip;]<\/p>\n","protected":false},"author":8,"featured_media":0,"parent":0,"menu_order":0,"comment_status":"closed","ping_status":"closed","template":"","meta":{"_et_pb_use_builder":"on","_et_pb_old_content":"","_et_gb_content_width":"","footnotes":""},"class_list":["post-2810","page","type-page","status-publish","hentry"],"_links":{"self":[{"href":"https:\/\/sadee.com.tr\/tr\/wp-json\/wp\/v2\/pages\/2810","targetHints":{"allow":["GET"]}}],"collection":[{"href":"https:\/\/sadee.com.tr\/tr\/wp-json\/wp\/v2\/pages"}],"about":[{"href":"https:\/\/sadee.com.tr\/tr\/wp-json\/wp\/v2\/types\/page"}],"author":[{"embeddable":true,"href":"https:\/\/sadee.com.tr\/tr\/wp-json\/wp\/v2\/users\/8"}],"replies":[{"embeddable":true,"href":"https:\/\/sadee.com.tr\/tr\/wp-json\/wp\/v2\/comments?post=2810"}],"version-history":[{"count":10,"href":"https:\/\/sadee.com.tr\/tr\/wp-json\/wp\/v2\/pages\/2810\/revisions"}],"predecessor-version":[{"id":3173,"href":"https:\/\/sadee.com.tr\/tr\/wp-json\/wp\/v2\/pages\/2810\/revisions\/3173"}],"wp:attachment":[{"href":"https:\/\/sadee.com.tr\/tr\/wp-json\/wp\/v2\/media?parent=2810"}],"curies":[{"name":"wp","href":"https:\/\/api.w.org\/{rel}","templated":true}]}}