{"id":1184,"date":"2017-11-28T20:30:35","date_gmt":"2017-11-28T17:30:35","guid":{"rendered":"https:\/\/sadee.com.tr\/shop\/kategorilenmemis\/kista-suyun-isiltisi\/"},"modified":"2019-11-22T19:18:25","modified_gmt":"2019-11-22T16:18:25","slug":"kista-suyun-isiltisi","status":"publish","type":"product","link":"https:\/\/sadee.com.tr\/tr\/magaza\/sallar\/kista-suyun-isiltisi\/","title":{"rendered":"K\u0131\u015fta Suyun I\u015f\u0131lt\u0131s\u0131"},"content":{"rendered":"<p class=\"p1\">Vazge\u00e7ilmezli\u011fin habercisidir \u201cSuyun I\u015f\u0131lt\u0131s\u0131\u2019\u2019 koleksiyonu\u2026<\/p>\n<p class=\"p1\">Bu koleksiyon sular\u0131n ritmine kap\u0131l\u0131p, \u0131\u015f\u0131lt\u0131s\u0131n\u0131 hissetmeniz i\u00e7in tasarland\u0131\u2026<\/p>\n<p class=\"p1\">\u0130lham\u0131n\u0131 Milano\u2019da Castello Sforzeco \u00f6n\u00fcndeki \u015felaleden alan suyun \u0131\u015f\u0131lt\u0131s\u0131<span class=\"Apple-converted-space\">\u00a0 <\/span>\u015fallar\u0131n\u0131n hayat\u0131n\u0131za \u0131\u015f\u0131lt\u0131 getirmesi dile\u011fiyle\u2026<\/p>\n","protected":false},"excerpt":{"rendered":"<p><span style=\"font-weight: 400;\">Boyut: 42x42cm<br \/>\n<\/span><span style=\"font-weight: 400;\">Renk: mavi, siyah ve tonlar\u0131<br \/>\n<\/span><span style=\"font-weight: 400;\">Materyal: %100 ipek<\/span><\/p>\n<p><span style=\"font-weight: 400;\">Tasar\u0131mc\u0131 taraf\u0131ndan \u00e7ekilen orijinal do\u011fa foto\u011fraf\u0131, kendine \u00f6zg\u00fc renklerle tasarlan\u0131p dijital bask\u0131 tekni\u011fiyle olu\u015fturulmu\u015ftur&#8230;<\/span><\/p>\n<p><span style=\"font-weight: 400;\">K\u0131\u015f insan\u0131; so\u011fuk tonlar\u0131 severler, siyah vazge\u00e7ilmez renkleridir\u2026<\/span><\/p>\n<p><span style=\"font-weight: 400;\">\u2018\u2018K\u0131\u015f\u0131n e\u015fsiz renkleriyle \u00f6zel olarak yaratt\u0131\u011f\u0131m sanatsal \u015fal\u0131 sizin i\u00e7in tasarlad\u0131m. Bu \u015fal\u0131n desenini yarat\u0131rken kendi objektifimle yakalam\u0131\u015f oldu\u011fum \u2018an\u2019 gibi sizin de anlar\u0131n de\u011ferini ya\u015faman\u0131z dile\u011fiyle&#8230;\u2019\u2019<\/span><\/p>\n","protected":false},"featured_media":1086,"comment_status":"open","ping_status":"closed","template":"","meta":{"_et_pb_use_builder":"","_et_pb_old_content":"","_et_gb_content_width":""},"product_brand":[],"product_cat":[73],"product_tag":[],"class_list":{"0":"post-1184","1":"product","2":"type-product","3":"status-publish","4":"has-post-thumbnail","6":"product_cat-sallar","8":"first","9":"instock","10":"shipping-taxable","11":"product-type-simple"},"_links":{"self":[{"href":"https:\/\/sadee.com.tr\/tr\/wp-json\/wp\/v2\/product\/1184","targetHints":{"allow":["GET"]}}],"collection":[{"href":"https:\/\/sadee.com.tr\/tr\/wp-json\/wp\/v2\/product"}],"about":[{"href":"https:\/\/sadee.com.tr\/tr\/wp-json\/wp\/v2\/types\/product"}],"replies":[{"embeddable":true,"href":"https:\/\/sadee.com.tr\/tr\/wp-json\/wp\/v2\/comments?post=1184"}],"wp:featuredmedia":[{"embeddable":true,"href":"https:\/\/sadee.com.tr\/tr\/wp-json\/wp\/v2\/media\/1086"}],"wp:attachment":[{"href":"https:\/\/sadee.com.tr\/tr\/wp-json\/wp\/v2\/media?parent=1184"}],"wp:term":[{"taxonomy":"product_brand","embeddable":true,"href":"https:\/\/sadee.com.tr\/tr\/wp-json\/wp\/v2\/product_brand?post=1184"},{"taxonomy":"product_cat","embeddable":true,"href":"https:\/\/sadee.com.tr\/tr\/wp-json\/wp\/v2\/product_cat?post=1184"},{"taxonomy":"product_tag","embeddable":true,"href":"https:\/\/sadee.com.tr\/tr\/wp-json\/wp\/v2\/product_tag?post=1184"}],"curies":[{"name":"wp","href":"https:\/\/api.w.org\/{rel}","templated":true}]}}