{"id":1187,"date":"2017-11-28T20:21:20","date_gmt":"2017-11-28T17:21:20","guid":{"rendered":"https:\/\/sadee.com.tr\/shop\/kategorilenmemis\/ilkbaharda-bilge-sikas\/"},"modified":"2022-03-31T12:04:05","modified_gmt":"2022-03-31T09:04:05","slug":"ilkbaharda-bilge-sikas","status":"publish","type":"product","link":"https:\/\/sadee.com.tr\/tr\/magaza\/sallar\/ilkbaharda-bilge-sikas\/","title":{"rendered":"\u0130lkbaharda Bilge Sikas"},"content":{"rendered":"<p class=\"p1\">Bir Japon bitkisi olan Sikas, fosil bitki olarak t\u00fcm d\u00fcnyada nam sal\u0131yor. Oysa do\u011fada uzun ya\u015fayan her bitki fosil olam\u0131yor&#8230;<\/p>\n<p class=\"p1\">Fosil olmak, bir \u015fans oldu\u011fu gibi, onu bulmak da bilgi, birikim ve \u015fansa ba\u011fl\u0131\u2026<\/p>\n<p class=\"p1\">Antalya\u2019da \u00f6zel sikas a\u011fa\u00e7lar\u0131 bulunur ve bu koleksiyonun desenleri bebek sikas a\u011fa\u00e7lar\u0131ndan olu\u015fuyor\u2026<\/p>\n<p class=\"p1\">Bebek sikas \u015fallar\u0131n\u0131n sizlere ya\u015fam\u0131n\u0131zda \u015fans getirmesi dile\u011fiyle\u2026<\/p>\n<p class=\"p1\">Boyutlar\u0131 14&#215;180 olan koleksiyon \u015fallar\u0131 2 y\u00f6nl\u00fc kullan\u0131labilir, bir taraf\u0131 d\u00fcz ve bir taraf\u0131 desenli olarak\u2026<\/p>\n","protected":false},"excerpt":{"rendered":"<p><span style=\"font-weight: 400;\">Boyut: 14x180cm<br \/>\n<\/span><span style=\"font-weight: 400;\">Renk: pembe, mavi, kahverengi ve tonlar\u0131<br \/>\n<\/span><span style=\"font-weight: 400;\">Materyal: %100 ipek<\/span><\/p>\n<p><span style=\"font-weight: 400;\">Bu koleksiyon \u015fal\u0131 iki y\u00f6nl\u00fcd\u00fcr. (desenli ve d\u00fcz renk olarak)<\/span><\/p>\n<p><span style=\"font-weight: 400;\">Tasar\u0131mc\u0131 taraf\u0131ndan \u00e7ekilen orijinal do\u011fa foto\u011fraf\u0131, kendine \u00f6zg\u00fc renklerle tasarlan\u0131p dijital bask\u0131 tekni\u011fiyle olu\u015fturulmu\u015ftur&#8230;<\/span><\/p>\n<p><span style=\"font-weight: 400;\">\u0130lkbahar insan\u0131; s\u0131cak tonlar\u0131 severler, canl\u0131 renklerden ve giyimlerinde \u00e7ok renkli kullanmaktan ho\u015flan\u0131rlar\u2026<\/span><\/p>\n<p><span style=\"font-weight: 400;\">\u2018\u2018\u0130lkbahar\u0131n e\u015fsiz renkleriyle \u00f6zel olarak yaratt\u0131\u011f\u0131m sanatsal \u015fal\u0131 sizin i\u00e7in tasarlad\u0131m. Bu \u015fal\u0131n desenini yarat\u0131rken kendi objektifimle yakalam\u0131\u015f oldu\u011fum \u2018an\u2019 gibi sizin de anlar\u0131n de\u011ferini ya\u015faman\u0131z dile\u011fiyle&#8230;\u2019\u2019<\/span><\/p>\n","protected":false},"featured_media":1118,"comment_status":"open","ping_status":"closed","template":"","meta":{"_et_pb_use_builder":"","_et_pb_old_content":"","_et_gb_content_width":""},"product_brand":[],"product_cat":[73],"product_tag":[],"class_list":{"0":"post-1187","1":"product","2":"type-product","3":"status-publish","4":"has-post-thumbnail","6":"product_cat-sallar","8":"first","9":"outofstock","10":"shipping-taxable","11":"purchasable","12":"product-type-simple"},"_links":{"self":[{"href":"https:\/\/sadee.com.tr\/tr\/wp-json\/wp\/v2\/product\/1187","targetHints":{"allow":["GET"]}}],"collection":[{"href":"https:\/\/sadee.com.tr\/tr\/wp-json\/wp\/v2\/product"}],"about":[{"href":"https:\/\/sadee.com.tr\/tr\/wp-json\/wp\/v2\/types\/product"}],"replies":[{"embeddable":true,"href":"https:\/\/sadee.com.tr\/tr\/wp-json\/wp\/v2\/comments?post=1187"}],"wp:featuredmedia":[{"embeddable":true,"href":"https:\/\/sadee.com.tr\/tr\/wp-json\/wp\/v2\/media\/1118"}],"wp:attachment":[{"href":"https:\/\/sadee.com.tr\/tr\/wp-json\/wp\/v2\/media?parent=1187"}],"wp:term":[{"taxonomy":"product_brand","embeddable":true,"href":"https:\/\/sadee.com.tr\/tr\/wp-json\/wp\/v2\/product_brand?post=1187"},{"taxonomy":"product_cat","embeddable":true,"href":"https:\/\/sadee.com.tr\/tr\/wp-json\/wp\/v2\/product_cat?post=1187"},{"taxonomy":"product_tag","embeddable":true,"href":"https:\/\/sadee.com.tr\/tr\/wp-json\/wp\/v2\/product_tag?post=1187"}],"curies":[{"name":"wp","href":"https:\/\/api.w.org\/{rel}","templated":true}]}}