{"id":1193,"date":"2017-11-28T20:26:05","date_gmt":"2017-11-28T17:26:05","guid":{"rendered":"https:\/\/sadee.com.tr\/shop\/kategorilenmemis\/yazda-olumsuz-agaclar\/"},"modified":"2022-03-31T11:58:12","modified_gmt":"2022-03-31T08:58:12","slug":"yazda-olumsuz-agaclar","status":"publish","type":"product","link":"https:\/\/sadee.com.tr\/tr\/magaza\/sallar\/yazda-olumsuz-agaclar\/","title":{"rendered":"Yazda \u00d6l\u00fcms\u00fcz A\u011fa\u00e7lar"},"content":{"rendered":"<p class=\"p1\">\u00d6l\u00fcms\u00fcz A\u011fa\u00e7lar koleksiyonu sizi hayat dolu bir ya\u015fama davet ediyor\u2026<\/p>\n<p class=\"p1\">A\u011fa\u00e7lar hem ayaktayken, hem de devrildikten sonra y\u00fczlerce y\u0131l daha pek \u00e7ok canl\u0131ya ya\u015fam imkan\u0131 sa\u011fl\u0131yor\u2026<\/p>\n<p class=\"p1\">\u0130stanbul\u2019un tarihi dokusunun g\u00f6r\u00fcld\u00fc\u011f\u00fc na\u00e7izane b\u00f6lgelerinden Eminonu\u2019ndeki a\u011fa\u00e7lar\u0131n esin kayna\u011f\u0131 oldu\u011fu bu koleksiyon \u015fallar\u0131n\u0131n ya\u015fam\u0131n\u0131za bereket katmas\u0131 dile\u011fiyle\u2026<\/p>\n","protected":false},"excerpt":{"rendered":"<p><span style=\"font-weight: 400;\">Boyut: 130x130cm<br \/>\n<\/span><span style=\"font-weight: 400;\">Renk: mavi, ye\u015fil ve tonlar\u0131<br \/>\n<\/span><span style=\"font-weight: 400;\">Materyal: %100 ipek<\/span><\/p>\n<p><span style=\"font-weight: 400;\">Tasar\u0131mc\u0131 taraf\u0131ndan \u00e7ekilen orijinal do\u011fa foto\u011fraf\u0131, kendine \u00f6zg\u00fc renklerle tasarlan\u0131p dijital bask\u0131 tekni\u011fiyle olu\u015fturulmu\u015ftur&#8230;<\/span><\/p>\n<p><span style=\"font-weight: 400;\">Yaz insan\u0131; so\u011fuk tonlardan ho\u015flan\u0131rlar, a\u00e7\u0131k maviler ve pembeler favori renkleridir\u2026<\/span><\/p>\n<p><span style=\"font-weight: 400;\">\u2018\u2018Yaz\u0131n e\u015fsiz renkleriyle \u00f6zel olarak yaratt\u0131\u011f\u0131m sanatsal \u015fal\u0131 sizin i\u00e7in tasarlad\u0131m. Bu \u015fal\u0131n desenini yarat\u0131rken kendi objektifimle yakalam\u0131\u015f oldu\u011fum \u2018an\u2019 gibi sizin de anlar\u0131n de\u011ferini ya\u015faman\u0131z dile\u011fiyle&#8230;\u2019\u2019<\/span><\/p>\n","protected":false},"featured_media":1931,"comment_status":"open","ping_status":"closed","template":"","meta":{"_et_pb_use_builder":"","_et_pb_old_content":"","_et_gb_content_width":""},"product_brand":[],"product_cat":[73],"product_tag":[],"class_list":{"0":"post-1193","1":"product","2":"type-product","3":"status-publish","4":"has-post-thumbnail","6":"product_cat-sallar","8":"first","9":"instock","10":"shipping-taxable","11":"product-type-simple"},"_links":{"self":[{"href":"https:\/\/sadee.com.tr\/tr\/wp-json\/wp\/v2\/product\/1193","targetHints":{"allow":["GET"]}}],"collection":[{"href":"https:\/\/sadee.com.tr\/tr\/wp-json\/wp\/v2\/product"}],"about":[{"href":"https:\/\/sadee.com.tr\/tr\/wp-json\/wp\/v2\/types\/product"}],"replies":[{"embeddable":true,"href":"https:\/\/sadee.com.tr\/tr\/wp-json\/wp\/v2\/comments?post=1193"}],"wp:featuredmedia":[{"embeddable":true,"href":"https:\/\/sadee.com.tr\/tr\/wp-json\/wp\/v2\/media\/1931"}],"wp:attachment":[{"href":"https:\/\/sadee.com.tr\/tr\/wp-json\/wp\/v2\/media?parent=1193"}],"wp:term":[{"taxonomy":"product_brand","embeddable":true,"href":"https:\/\/sadee.com.tr\/tr\/wp-json\/wp\/v2\/product_brand?post=1193"},{"taxonomy":"product_cat","embeddable":true,"href":"https:\/\/sadee.com.tr\/tr\/wp-json\/wp\/v2\/product_cat?post=1193"},{"taxonomy":"product_tag","embeddable":true,"href":"https:\/\/sadee.com.tr\/tr\/wp-json\/wp\/v2\/product_tag?post=1193"}],"curies":[{"name":"wp","href":"https:\/\/api.w.org\/{rel}","templated":true}]}}