{"id":1477,"date":"2019-11-22T21:28:54","date_gmt":"2019-11-22T18:28:54","guid":{"rendered":"https:\/\/sadee.com.tr\/?post_type=product&#038;p=1477"},"modified":"2024-10-30T11:37:34","modified_gmt":"2024-10-30T08:37:34","slug":"yazda-kutsal-banyan","status":"publish","type":"product","link":"https:\/\/sadee.com.tr\/tr\/magaza\/sallar\/yazda-kutsal-banyan\/","title":{"rendered":"Yazda Kutsal Banyan"},"content":{"rendered":"<p class=\"p1\">Kutsal banyan sizi gizemli bir d\u00fcnyaya davet ediyor\u2026<\/p>\n<p class=\"p1\">E\u015fine rastlanmayan Banyan a\u011fac\u0131, Hint k\u00fclt\u00fcr\u00fcnde b\u00fcy\u00fck bir \u00f6neme sahiptir\u2026<\/p>\n<p class=\"p1\">Tek ba\u015f\u0131na bir orman gibi g\u00f6r\u00fcn\u00fcrler\u2026<\/p>\n<p class=\"p1\">\u2018Bangalore \u015fehrinde Lalbagh bah\u00e7esinde gezerken dikkatimi \u00e7eken banyan a\u011fac\u0131n\u0131n dallar\u0131n\u0131n muhte\u015fem sonsuzlu\u011fuyla size ya\u015fam\u0131n\u0131zda fark\u0131ndal\u0131k katmas\u0131 dile\u011fiyle\u2026\u2019<\/p>\n","protected":false},"excerpt":{"rendered":"<p class=\"p1\">Boyut: 130x130cm<br \/>\nRenk: pembe, bej ve siyah tonlar\u0131<br \/>\nMateryal: %100 ipek<\/p>\n<p class=\"p1\">Tasar\u0131mc\u0131 taraf\u0131ndan \u00e7ekilen orijinal do\u011fa foto\u011fraf\u0131, kendine \u00f6zg\u00fc renklerle tasarlan\u0131p dijital bask\u0131 tekni\u011fiyle olu\u015fturulmu\u015ftur&#8230;<\/p>\n<p class=\"p1\">Yaz insan\u0131; so\u011fuk tonlardan ho\u015flan\u0131rlar, a\u00e7\u0131k maviler ve pembeler favori renkleridir\u2026<\/p>\n<p class=\"p1\">\u2018\u2018Yaz\u0131n e\u015fsiz renkleriyle \u00f6zel olarak yaratt\u0131\u011f\u0131m sanatsal \u015fal\u0131 sizin i\u00e7in tasarlad\u0131m. Bu \u015fal\u0131n desenini yarat\u0131rken kendi objektifimle yakalam\u0131\u015f oldu\u011fum \u2018an\u2019 gibi sizin de anlar\u0131n de\u011ferini ya\u015faman\u0131z dile\u011fiyle&#8230;\u2019\u2019<\/p>\n","protected":false},"featured_media":1478,"comment_status":"open","ping_status":"closed","template":"","meta":{"_et_pb_use_builder":"","_et_pb_old_content":"","_et_gb_content_width":""},"product_brand":[],"product_cat":[73],"product_tag":[],"class_list":{"0":"post-1477","1":"product","2":"type-product","3":"status-publish","4":"has-post-thumbnail","6":"product_cat-sallar","8":"first","9":"instock","10":"shipping-taxable","11":"product-type-simple"},"_links":{"self":[{"href":"https:\/\/sadee.com.tr\/tr\/wp-json\/wp\/v2\/product\/1477","targetHints":{"allow":["GET"]}}],"collection":[{"href":"https:\/\/sadee.com.tr\/tr\/wp-json\/wp\/v2\/product"}],"about":[{"href":"https:\/\/sadee.com.tr\/tr\/wp-json\/wp\/v2\/types\/product"}],"replies":[{"embeddable":true,"href":"https:\/\/sadee.com.tr\/tr\/wp-json\/wp\/v2\/comments?post=1477"}],"wp:featuredmedia":[{"embeddable":true,"href":"https:\/\/sadee.com.tr\/tr\/wp-json\/wp\/v2\/media\/1478"}],"wp:attachment":[{"href":"https:\/\/sadee.com.tr\/tr\/wp-json\/wp\/v2\/media?parent=1477"}],"wp:term":[{"taxonomy":"product_brand","embeddable":true,"href":"https:\/\/sadee.com.tr\/tr\/wp-json\/wp\/v2\/product_brand?post=1477"},{"taxonomy":"product_cat","embeddable":true,"href":"https:\/\/sadee.com.tr\/tr\/wp-json\/wp\/v2\/product_cat?post=1477"},{"taxonomy":"product_tag","embeddable":true,"href":"https:\/\/sadee.com.tr\/tr\/wp-json\/wp\/v2\/product_tag?post=1477"}],"curies":[{"name":"wp","href":"https:\/\/api.w.org\/{rel}","templated":true}]}}