{"id":1504,"date":"2019-11-22T22:28:21","date_gmt":"2019-11-22T19:28:22","guid":{"rendered":"https:\/\/sadee.com.tr\/?post_type=product&#038;p=1504"},"modified":"2019-11-22T22:45:15","modified_gmt":"2019-11-22T19:45:15","slug":"ilkbaharda-agacin-kalbi","status":"publish","type":"product","link":"https:\/\/sadee.com.tr\/tr\/magaza\/sallar\/ilkbaharda-agacin-kalbi\/","title":{"rendered":"\u0130lkbaharda A\u011fac\u0131n Kalbi"},"content":{"rendered":"<p class=\"p1\">A\u011fa\u00e7lara dikkatli bakt\u0131\u011f\u0131m\u0131zda bir\u00e7ok farkl\u0131 \u015fekil g\u00f6rebiliriz, t\u0131pk\u0131 bu koleksiyonun ismindeki gibi\u2026<\/p>\n<p class=\"p1\">Paris d\u00fcnyada a\u015f\u0131klar\u0131n \u015fehri olarak bilinir\u2026<\/p>\n<p class=\"p1\">\u2018Paris\u2019in Tuileries bah\u00e7elerinde dola\u015f\u0131rken a\u015fk\u0131n her yerde oldu\u011funu farkettim ve \u2018A\u011fac\u0131n<span class=\"Apple-converted-space\">\u00a0 <\/span>Kalbi\u2019 isimli koleksiyonuma temel haz\u0131rlad\u0131 farketti\u011fim g\u00f6rsel zenginlik\u2026<\/p>\n<p class=\"p1\">Bu koleksiyonun size ya\u015fam\u0131n\u0131zda \u00f6m\u00fcr boyu a\u015fk\u0131 ya\u015fatmas\u0131 dile\u011fiyle\u2026\u2019<\/p>\n","protected":false},"excerpt":{"rendered":"<p class=\"p1\">Boyut: 42x42cm<br \/>\nRenk: ye\u015fil, pembe ve siyah tonlar\u0131<br \/>\nMateryal: %100 ipek<\/p>\n<p class=\"p1\">Tasar\u0131mc\u0131 taraf\u0131ndan \u00e7ekilen orijinal do\u011fa foto\u011fraf\u0131, kendine \u00f6zg\u00fc renklerle tasarlan\u0131p dijital bask\u0131 tekni\u011fiyle olu\u015fturulmu\u015ftur&#8230;<\/p>\n<p class=\"p1\">\u0130lkbahar insan\u0131; s\u0131cak tonlar\u0131 severler, canl\u0131 renklerden ve giyimlerinde \u00e7ok renkli kullanmaktan ho\u015flan\u0131rlar\u2026<\/p>\n<p class=\"p1\">\u2018\u2018\u0130lkbahar\u0131n e\u015fsiz renkleriyle \u00f6zel olarak yaratt\u0131\u011f\u0131m sanatsal \u015fal\u0131 sizin i\u00e7in tasarlad\u0131m. Bu \u015fal\u0131n desenini yarat\u0131rken kendi objektifimle yakalam\u0131\u015f oldu\u011fum \u2018an\u2019 gibi sizin de anlar\u0131n de\u011ferini ya\u015faman\u0131z dile\u011fiyle&#8230;\u2019\u2019<\/p>\n","protected":false},"featured_media":1506,"comment_status":"open","ping_status":"closed","template":"","meta":{"_et_pb_use_builder":"","_et_pb_old_content":"","_et_gb_content_width":""},"product_brand":[],"product_cat":[73],"product_tag":[],"class_list":{"0":"post-1504","1":"product","2":"type-product","3":"status-publish","4":"has-post-thumbnail","6":"product_cat-sallar","8":"first","9":"instock","10":"shipping-taxable","11":"product-type-simple"},"_links":{"self":[{"href":"https:\/\/sadee.com.tr\/tr\/wp-json\/wp\/v2\/product\/1504","targetHints":{"allow":["GET"]}}],"collection":[{"href":"https:\/\/sadee.com.tr\/tr\/wp-json\/wp\/v2\/product"}],"about":[{"href":"https:\/\/sadee.com.tr\/tr\/wp-json\/wp\/v2\/types\/product"}],"replies":[{"embeddable":true,"href":"https:\/\/sadee.com.tr\/tr\/wp-json\/wp\/v2\/comments?post=1504"}],"wp:featuredmedia":[{"embeddable":true,"href":"https:\/\/sadee.com.tr\/tr\/wp-json\/wp\/v2\/media\/1506"}],"wp:attachment":[{"href":"https:\/\/sadee.com.tr\/tr\/wp-json\/wp\/v2\/media?parent=1504"}],"wp:term":[{"taxonomy":"product_brand","embeddable":true,"href":"https:\/\/sadee.com.tr\/tr\/wp-json\/wp\/v2\/product_brand?post=1504"},{"taxonomy":"product_cat","embeddable":true,"href":"https:\/\/sadee.com.tr\/tr\/wp-json\/wp\/v2\/product_cat?post=1504"},{"taxonomy":"product_tag","embeddable":true,"href":"https:\/\/sadee.com.tr\/tr\/wp-json\/wp\/v2\/product_tag?post=1504"}],"curies":[{"name":"wp","href":"https:\/\/api.w.org\/{rel}","templated":true}]}}