{"id":1536,"date":"2019-11-22T23:33:16","date_gmt":"2019-11-22T20:33:17","guid":{"rendered":"https:\/\/sadee.com.tr\/?post_type=product&#038;p=1536"},"modified":"2019-11-22T23:36:38","modified_gmt":"2019-11-22T20:36:38","slug":"ilkbaharda-dallarin-dansi","status":"publish","type":"product","link":"https:\/\/sadee.com.tr\/tr\/magaza\/sallar\/ilkbaharda-dallarin-dansi\/","title":{"rendered":"\u0130lkbaharda Dallar\u0131n Dans\u0131"},"content":{"rendered":"<p class=\"p1\">Her a\u011fac\u0131n dallar\u0131n\u0131n g\u00f6r\u00fcnt\u00fcs\u00fc t\u0131pk\u0131 insan Dna\u2019s\u0131 gibi kendine \u00f6zeldir\u2026<\/p>\n<p class=\"p1\">A\u011faclar\u0131n dallar\u0131 bakt\u0131\u011f\u0131n\u0131zda dans edermi\u015f gibi g\u00f6r\u00fcnebilirler\u2026<\/p>\n<p class=\"p1\">Rastgele gibi g\u00f6z\u00fcken dallar asl\u0131nda b\u00fct\u00fcn\u00fcn par\u00e7alar\u0131d\u0131r ve b\u00fct\u00fcn\u00fc olu\u015ftururlar\u2026<\/p>\n<p class=\"p1\">\u2018Uluda\u011f\u2019da karlar i\u00e7inde y\u00fcr\u00fcrken dikkatimi \u00e7eken dallar\u0131n g\u00f6r\u00fcnt\u00fcs\u00fcyle olu\u015fan \u2018Dallar\u0131n Dans\u0131\u2019 isimli koleksiyon \u015fallar\u0131n\u0131n herbirimiz i\u00e7in ne kadar \u00f6zel oldu\u011fumuzu hat\u0131rlatmas\u0131 dile\u011fiyle\u2026\u2019<\/p>\n<p class=\"p1\">Bu koleksiyonun desenleri, a\u011fa\u00e7lar\u0131n dallar\u0131n\u0131n g\u00fc\u00e7l\u00fc duru\u015flar\u0131yla Erkeklere \u00f6zel olarak tasarlanm\u0131\u015ft\u0131r\u2026<\/p>\n","protected":false},"excerpt":{"rendered":"<p class=\"p1\">Boyut: 42x42cm<br \/>\nRenk: ye\u015fil, mavi, k\u0131rm\u0131z\u0131, beyaz ve siyah tonlar\u0131<br \/>\nMateryal: %100 ipek<\/p>\n<p class=\"p1\">Tasar\u0131mc\u0131 taraf\u0131ndan \u00e7ekilen orijinal do\u011fa foto\u011fraf\u0131, kendine \u00f6zg\u00fc renklerle tasarlan\u0131p dijital bask\u0131 tekni\u011fiyle olu\u015fturulmu\u015ftur&#8230;<\/p>\n<p class=\"p1\">\u0130lkbahar insan\u0131; s\u0131cak tonlar\u0131 severler, canl\u0131 renklerden ve giyimlerinde \u00e7ok renkli kullanmaktan ho\u015flan\u0131rlar\u2026<\/p>\n<p class=\"p1\">\u2018\u2018\u0130lkbahar\u0131n e\u015fsiz renkleriyle \u00f6zel olarak yaratt\u0131\u011f\u0131m sanatsal \u015fal\u0131 sizin i\u00e7in tasarlad\u0131m. Bu \u015fal\u0131n desenini yarat\u0131rken kendi objektifimle yakalam\u0131\u015f oldu\u011fum \u2018an\u2019 gibi sizin de anlar\u0131n de\u011ferini ya\u015faman\u0131z dile\u011fiyle&#8230;\u2019\u2019<\/p>\n","protected":false},"featured_media":1538,"comment_status":"open","ping_status":"closed","template":"","meta":{"_et_pb_use_builder":"","_et_pb_old_content":"","_et_gb_content_width":""},"product_brand":[],"product_cat":[73],"product_tag":[],"class_list":{"0":"post-1536","1":"product","2":"type-product","3":"status-publish","4":"has-post-thumbnail","6":"product_cat-sallar","8":"first","9":"instock","10":"shipping-taxable","11":"product-type-simple"},"_links":{"self":[{"href":"https:\/\/sadee.com.tr\/tr\/wp-json\/wp\/v2\/product\/1536","targetHints":{"allow":["GET"]}}],"collection":[{"href":"https:\/\/sadee.com.tr\/tr\/wp-json\/wp\/v2\/product"}],"about":[{"href":"https:\/\/sadee.com.tr\/tr\/wp-json\/wp\/v2\/types\/product"}],"replies":[{"embeddable":true,"href":"https:\/\/sadee.com.tr\/tr\/wp-json\/wp\/v2\/comments?post=1536"}],"wp:featuredmedia":[{"embeddable":true,"href":"https:\/\/sadee.com.tr\/tr\/wp-json\/wp\/v2\/media\/1538"}],"wp:attachment":[{"href":"https:\/\/sadee.com.tr\/tr\/wp-json\/wp\/v2\/media?parent=1536"}],"wp:term":[{"taxonomy":"product_brand","embeddable":true,"href":"https:\/\/sadee.com.tr\/tr\/wp-json\/wp\/v2\/product_brand?post=1536"},{"taxonomy":"product_cat","embeddable":true,"href":"https:\/\/sadee.com.tr\/tr\/wp-json\/wp\/v2\/product_cat?post=1536"},{"taxonomy":"product_tag","embeddable":true,"href":"https:\/\/sadee.com.tr\/tr\/wp-json\/wp\/v2\/product_tag?post=1536"}],"curies":[{"name":"wp","href":"https:\/\/api.w.org\/{rel}","templated":true}]}}