{"id":2930,"date":"2023-01-11T22:25:26","date_gmt":"2023-01-11T19:25:27","guid":{"rendered":"https:\/\/sadee.com.tr\/?post_type=product&#038;p=2930"},"modified":"2024-10-30T11:30:06","modified_gmt":"2024-10-30T08:30:06","slug":"yazda-olumsuz-agaclar-yastigi","status":"publish","type":"product","link":"https:\/\/sadee.com.tr\/tr\/magaza\/yastiklar\/yazda-olumsuz-agaclar-yastigi\/","title":{"rendered":"Yazda \u00d6l\u00fcms\u00fcz A\u011fa\u00e7lar Yast\u0131\u011f\u0131"},"content":{"rendered":"<p>\u00d6l\u00fcms\u00fcz A\u011fa\u00e7lar koleksiyonu sizi hayat dolu bir ya\u015fama davet ediyor.<br \/>\nA\u011fa\u00e7lar hem ayaktayken, hem de devrildikten sonra y\u00fczlerce y\u0131l daha pek \u00e7ok canl\u0131ya ya\u015fam imkan\u0131 sa\u011fl\u0131yor.<br \/>\n\u0130stanbul\u2019un tarihi dokusunun g\u00f6r\u00fcld\u00fc\u011f\u00fc na\u00e7izane b\u00f6lgelerinden Emin\u00f6n\u00fc\u2019ndeki a\u011fa\u00e7lar\u0131n esin kayna\u011f\u0131 oldu\u011fu bu koleksiyonun ya\u015fam\u0131n\u0131za bereket katmas\u0131 dile\u011fiyle\u2026<\/p>\n","protected":false},"excerpt":{"rendered":"<p>Boyut: 40&#215;40 cm<br \/>\nRenk: \u00d6n-mavi, ye\u015fil ve tonlar\u0131, Arka-siyah<br \/>\nMateryal: \u00d6n-%100 \u0130pek, Arka-%20 \u0130pek+%80 Viskon<br \/>\nLimitli Tasar\u0131m<br \/>\nSadece Kuru Temizleme<br \/>\n(Yast\u0131klar i\u00e7 dolgular\u0131 ile birlikte sat\u0131lmaktad\u0131r.)<\/p>\n<p>Tasar\u0131mc\u0131 taraf\u0131ndan \u00e7ekilen orijinal do\u011fa foto\u011fraf\u0131, kendine \u00f6zg\u00fc renklerle tasarlan\u0131p dijital bask\u0131 tekni\u011fiyle olu\u015fturulmu\u015ftur\u2026<\/p>\n<p>\u2018\u2018Yaz\u0131n e\u015fsiz renkleriyle \u00f6zel olarak yaratt\u0131\u011f\u0131m sanatsal yast\u0131\u011f\u0131 sizin i\u00e7in tasarlad\u0131m. Bu yast\u0131\u011f\u0131n desenini yarat\u0131rken kendi objektifimle yakalam\u0131\u015f oldu\u011fum \u2018an\u2019 gibi sizin de anlar\u0131n de\u011ferini ya\u015faman\u0131z dile\u011fiyle\u2026\u2019\u2019<\/p>\n","protected":false},"featured_media":2934,"comment_status":"open","ping_status":"closed","template":"","meta":{"_et_pb_use_builder":"","_et_pb_old_content":"","_et_gb_content_width":""},"product_brand":[],"product_cat":[74],"product_tag":[],"class_list":{"0":"post-2930","1":"product","2":"type-product","3":"status-publish","4":"has-post-thumbnail","6":"product_cat-yastiklar","8":"first","9":"instock","10":"shipping-taxable","11":"product-type-simple"},"_links":{"self":[{"href":"https:\/\/sadee.com.tr\/tr\/wp-json\/wp\/v2\/product\/2930","targetHints":{"allow":["GET"]}}],"collection":[{"href":"https:\/\/sadee.com.tr\/tr\/wp-json\/wp\/v2\/product"}],"about":[{"href":"https:\/\/sadee.com.tr\/tr\/wp-json\/wp\/v2\/types\/product"}],"replies":[{"embeddable":true,"href":"https:\/\/sadee.com.tr\/tr\/wp-json\/wp\/v2\/comments?post=2930"}],"wp:featuredmedia":[{"embeddable":true,"href":"https:\/\/sadee.com.tr\/tr\/wp-json\/wp\/v2\/media\/2934"}],"wp:attachment":[{"href":"https:\/\/sadee.com.tr\/tr\/wp-json\/wp\/v2\/media?parent=2930"}],"wp:term":[{"taxonomy":"product_brand","embeddable":true,"href":"https:\/\/sadee.com.tr\/tr\/wp-json\/wp\/v2\/product_brand?post=2930"},{"taxonomy":"product_cat","embeddable":true,"href":"https:\/\/sadee.com.tr\/tr\/wp-json\/wp\/v2\/product_cat?post=2930"},{"taxonomy":"product_tag","embeddable":true,"href":"https:\/\/sadee.com.tr\/tr\/wp-json\/wp\/v2\/product_tag?post=2930"}],"curies":[{"name":"wp","href":"https:\/\/api.w.org\/{rel}","templated":true}]}}