{"id":2978,"date":"2023-01-11T23:01:14","date_gmt":"2023-01-11T20:01:15","guid":{"rendered":"https:\/\/sadee.com.tr\/?post_type=product&#038;p=2978"},"modified":"2024-10-30T11:30:03","modified_gmt":"2024-10-30T08:30:03","slug":"yazda-kutsal-banyan-yastigi","status":"publish","type":"product","link":"https:\/\/sadee.com.tr\/tr\/magaza\/yastiklar\/yazda-kutsal-banyan-yastigi\/","title":{"rendered":"Yazda Kutsal Banyan Yast\u0131\u011f\u0131"},"content":{"rendered":"<p>Kutsal banyan sizi gizemli bir d\u00fcnyaya davet ediyor\u2026<br \/>\nE\u015fine rastlanmayan Banyan a\u011fac\u0131, Hint k\u00fclt\u00fcr\u00fcnde b\u00fcy\u00fck bir \u00f6neme sahip.<br \/>\nTek ba\u015f\u0131na bir orman gibi g\u00f6r\u00fcn\u00fcrler.<br \/>\n\u2018Bangalore \u015fehrinde Lalbagh bah\u00e7esinde gezerken dikkatimi \u00e7eken banyan a\u011fac\u0131n\u0131n dallar\u0131n\u0131n muhte\u015fem sonsuzlu\u011fuyla size ya\u015fam\u0131n\u0131zda fark\u0131ndal\u0131k katmas\u0131 dile\u011fiyle\u2026\u2019<\/p>\n","protected":false},"excerpt":{"rendered":"<p>Boyut: 40&#215;40 cm<br \/>\nRenk: \u00d6n-pembe, bej ve siyah tonlar\u0131, Arka-siyah<br \/>\nMateryal: \u00d6n-%100 \u0130pek, Arka-%20 \u0130pek+%80 Viskon<br \/>\nLimitli Tasar\u0131m<br \/>\nSadece Kuru Temizleme<br \/>\n(Yast\u0131klar i\u00e7 dolgular\u0131 ile birlikte sat\u0131lmaktad\u0131r.)<\/p>\n<p>Tasar\u0131mc\u0131 taraf\u0131ndan \u00e7ekilen orijinal do\u011fa foto\u011fraf\u0131, kendine \u00f6zg\u00fc renklerle tasarlan\u0131p dijital bask\u0131 tekni\u011fiyle olu\u015fturulmu\u015ftur\u2026<\/p>\n<p>\u2018\u2018Yaz\u0131n e\u015fsiz renkleriyle \u00f6zel olarak yaratt\u0131\u011f\u0131m sanatsal yast\u0131\u011f\u0131 sizin i\u00e7in tasarlad\u0131m. Bu yast\u0131\u011f\u0131n desenini yarat\u0131rken kendi objektifimle yakalam\u0131\u015f oldu\u011fum \u2018an\u2019 gibi sizin de anlar\u0131n de\u011ferini ya\u015faman\u0131z dile\u011fiyle\u2026\u2019\u2019<\/p>\n","protected":false},"featured_media":2982,"comment_status":"open","ping_status":"closed","template":"","meta":{"_et_pb_use_builder":"","_et_pb_old_content":"","_et_gb_content_width":""},"product_brand":[],"product_cat":[74],"product_tag":[],"class_list":{"0":"post-2978","1":"product","2":"type-product","3":"status-publish","4":"has-post-thumbnail","6":"product_cat-yastiklar","8":"first","9":"instock","10":"shipping-taxable","11":"product-type-simple"},"_links":{"self":[{"href":"https:\/\/sadee.com.tr\/tr\/wp-json\/wp\/v2\/product\/2978","targetHints":{"allow":["GET"]}}],"collection":[{"href":"https:\/\/sadee.com.tr\/tr\/wp-json\/wp\/v2\/product"}],"about":[{"href":"https:\/\/sadee.com.tr\/tr\/wp-json\/wp\/v2\/types\/product"}],"replies":[{"embeddable":true,"href":"https:\/\/sadee.com.tr\/tr\/wp-json\/wp\/v2\/comments?post=2978"}],"wp:featuredmedia":[{"embeddable":true,"href":"https:\/\/sadee.com.tr\/tr\/wp-json\/wp\/v2\/media\/2982"}],"wp:attachment":[{"href":"https:\/\/sadee.com.tr\/tr\/wp-json\/wp\/v2\/media?parent=2978"}],"wp:term":[{"taxonomy":"product_brand","embeddable":true,"href":"https:\/\/sadee.com.tr\/tr\/wp-json\/wp\/v2\/product_brand?post=2978"},{"taxonomy":"product_cat","embeddable":true,"href":"https:\/\/sadee.com.tr\/tr\/wp-json\/wp\/v2\/product_cat?post=2978"},{"taxonomy":"product_tag","embeddable":true,"href":"https:\/\/sadee.com.tr\/tr\/wp-json\/wp\/v2\/product_tag?post=2978"}],"curies":[{"name":"wp","href":"https:\/\/api.w.org\/{rel}","templated":true}]}}